{"id":11715,"date":"2022-11-30T17:36:44","date_gmt":"2022-11-30T16:36:44","guid":{"rendered":"https:\/\/alu-line.de\/?post_type=product&#038;p=11715"},"modified":"2023-01-18T19:54:21","modified_gmt":"2023-01-18T18:54:21","slug":"bettroste","status":"publish","type":"product","link":"https:\/\/alu-line.de\/de_de\/product\/bettroste\/","title":{"rendered":"Bettroste"},"content":{"rendered":"<h2>Frei w\u00e4hlbare Aussenkonturen, ganz nach Ihren W\u00fcnschen<\/h2>\n<p>Nat\u00fcrlich Verf\u00fcgung unsere Bettsysteme allesamt \u00fcber einen bereits montierten Lattenrost. Das Holz hierf\u00fcr stammt aus nachhaltiger Forstwirtschaft.<\/p>\n<p>Aber auch dar\u00fcber hinaus haben wir im Bereich Bettroste viel zu bieten.<\/p>\n<p>Durch ein individuell planbares Baukastensystem, aus welchem sich sowohl Sonder- wie auch Standardformen realisieren lassen, k\u00f6nnen wir Ihnen so gut wie jede Aussenkontur mit unseren qualitativ hochwertigen Lattenrosten best\u00fccken.<\/p>\n","protected":false},"excerpt":{"rendered":"<p>Frei w\u00e4hlbare Aussenkonturen, ganz nach Ihren W\u00fcnschen Nat\u00fcrlich Verf\u00fcgung unsere Bettsysteme allesamt \u00fcber einen bereits montierten Lattenrost. Das Holz hierf\u00fcr stammt aus nachhaltiger Forstwirtschaft. Aber auch dar\u00fcber hinaus haben wir im Bereich Bettroste viel zu bieten. Durch ein individuell planbares Baukastensystem,&#8230;<\/p>\n","protected":false},"featured_media":12072,"comment_status":"open","ping_status":"closed","template":"","meta":[],"product_brand":[],"product_cat":[83,185],"product_tag":[],"class_list":{"0":"post-11715","1":"product","2":"type-product","3":"status-publish","4":"has-post-thumbnail","6":"product_cat-bettroste","7":"product_cat-hubbetten-fuer-industrie","9":"first","10":"instock","11":"taxable","12":"shipping-taxable","13":"product-type-simple"},"_links":{"self":[{"href":"https:\/\/alu-line.de\/de_de\/wp-json\/wp\/v2\/product\/11715","targetHints":{"allow":["GET"]}}],"collection":[{"href":"https:\/\/alu-line.de\/de_de\/wp-json\/wp\/v2\/product"}],"about":[{"href":"https:\/\/alu-line.de\/de_de\/wp-json\/wp\/v2\/types\/product"}],"replies":[{"embeddable":true,"href":"https:\/\/alu-line.de\/de_de\/wp-json\/wp\/v2\/comments?post=11715"}],"wp:featuredmedia":[{"embeddable":true,"href":"https:\/\/alu-line.de\/de_de\/wp-json\/wp\/v2\/media\/12072"}],"wp:attachment":[{"href":"https:\/\/alu-line.de\/de_de\/wp-json\/wp\/v2\/media?parent=11715"}],"wp:term":[{"taxonomy":"product_brand","embeddable":true,"href":"https:\/\/alu-line.de\/de_de\/wp-json\/wp\/v2\/product_brand?post=11715"},{"taxonomy":"product_cat","embeddable":true,"href":"https:\/\/alu-line.de\/de_de\/wp-json\/wp\/v2\/product_cat?post=11715"},{"taxonomy":"product_tag","embeddable":true,"href":"https:\/\/alu-line.de\/de_de\/wp-json\/wp\/v2\/product_tag?post=11715"}],"curies":[{"name":"wp","href":"https:\/\/api.w.org\/{rel}","templated":true}]}}