{"id":11710,"date":"2022-11-30T17:29:22","date_gmt":"2022-11-30T16:29:22","guid":{"rendered":"https:\/\/alu-line.de\/?post_type=product&#038;p=11710"},"modified":"2023-01-18T19:54:37","modified_gmt":"2023-01-18T18:54:37","slug":"seilhubbett","status":"publish","type":"product","link":"https:\/\/alu-line.de\/de_de\/product\/seilhubbett\/","title":{"rendered":"Seilhubbett"},"content":{"rendered":"<h2>Manuelles Hubbettsystem &#8211; einfach aber genial!<\/h2>\n<div class=\"elementStandard elementContent elementContainerStandard elementContainerStandard_var0 elementContainerStandardColumns elementContainerStandardColumns2 elementContainerStandardColumns_var5050\">\n<div class=\"col2\">\n<div class=\"col_inner col2_inner\">\n<div class=\"elementStandard elementContent elementText elementText_var0\">\n<p>Unsere Seilhubbetten vereinen ein Vielzahl von Vorteilen gegen\u00fcber anderen Konstruktionen.<\/p>\n<p>Neben dem einfachen Einbau im Fahrzeug und geringem Eigengewicht (20-25kg) zeichnet sich diese Art der Betten besonders durch ihr hervorragendes Preis- \/ Leistungsverh\u00e4ltnis aus.<\/p>\n<p>Desweiteren ist die Rahmenform (Kontur) frei w\u00e4hlbar, durch die ausgekl\u00fcgelte Technik ein maximaler Hub von bis zu 1.600mm m\u00f6glich.<\/p>\n<\/div>\n<\/div>\n<\/div>\n<div class=\"clearBoth\"><\/div>\n<\/div>\n<div class=\"elementStandard elementContent elementText elementText_var0\">\n<p>Das Bett l\u00e4sst sich auf jeder gew\u00fcnschten H\u00f6he arretieren und verwenden. Der geringe Platzbedarf beim Transport spart wertvolles Geld bei der Logistik.<\/p>\n<\/div>\n<div class=\"elementStandard elementContent elementText elementText_var0\">\n<p>Auf Wunsch lassen wir Ihnen gerne Zeichnungen, 3D-Modelle und technsiche Details zukommen.<\/p>\n<p>Hier erleichtern uns technische Details oder Zeichnungen das Erstellen von Angeboten ungemein.<\/p>\n<p>Ebenso sind zu erwartende Jahresmengen, Losgr\u00f6\u00dfen und die gew\u00fcnschte Art der logistischen Abwicklung f\u00fcr uns wichtige Faktoren f\u00fcr die Kalkulation.<\/p>\n<\/div>\n","protected":false},"excerpt":{"rendered":"<p>Manuelles Hubbettsystem &#8211; einfach aber genial! Unsere Seilhubbetten vereinen ein Vielzahl von Vorteilen gegen\u00fcber anderen Konstruktionen. Neben dem einfachen Einbau im Fahrzeug und geringem Eigengewicht (20-25kg) zeichnet sich diese Art der Betten besonders durch ihr hervorragendes Preis- \/ Leistungsverh\u00e4ltnis aus. Desweiteren&#8230;<\/p>\n","protected":false},"featured_media":12073,"comment_status":"open","ping_status":"closed","template":"","meta":[],"product_brand":[],"product_cat":[185,81],"product_tag":[],"class_list":{"0":"post-11710","1":"product","2":"type-product","3":"status-publish","4":"has-post-thumbnail","6":"product_cat-hubbetten-fuer-industrie","7":"product_cat-seilhubbett","9":"first","10":"instock","11":"taxable","12":"shipping-taxable","13":"product-type-simple"},"_links":{"self":[{"href":"https:\/\/alu-line.de\/de_de\/wp-json\/wp\/v2\/product\/11710","targetHints":{"allow":["GET"]}}],"collection":[{"href":"https:\/\/alu-line.de\/de_de\/wp-json\/wp\/v2\/product"}],"about":[{"href":"https:\/\/alu-line.de\/de_de\/wp-json\/wp\/v2\/types\/product"}],"replies":[{"embeddable":true,"href":"https:\/\/alu-line.de\/de_de\/wp-json\/wp\/v2\/comments?post=11710"}],"wp:featuredmedia":[{"embeddable":true,"href":"https:\/\/alu-line.de\/de_de\/wp-json\/wp\/v2\/media\/12073"}],"wp:attachment":[{"href":"https:\/\/alu-line.de\/de_de\/wp-json\/wp\/v2\/media?parent=11710"}],"wp:term":[{"taxonomy":"product_brand","embeddable":true,"href":"https:\/\/alu-line.de\/de_de\/wp-json\/wp\/v2\/product_brand?post=11710"},{"taxonomy":"product_cat","embeddable":true,"href":"https:\/\/alu-line.de\/de_de\/wp-json\/wp\/v2\/product_cat?post=11710"},{"taxonomy":"product_tag","embeddable":true,"href":"https:\/\/alu-line.de\/de_de\/wp-json\/wp\/v2\/product_tag?post=11710"}],"curies":[{"name":"wp","href":"https:\/\/api.w.org\/{rel}","templated":true}]}}