{"id":11707,"date":"2022-11-30T17:26:50","date_gmt":"2022-11-30T16:26:50","guid":{"rendered":"https:\/\/alu-line.de\/?post_type=product&#038;p=11707"},"modified":"2023-01-18T19:54:44","modified_gmt":"2023-01-18T18:54:44","slug":"queensbett","status":"publish","type":"product","link":"https:\/\/alu-line.de\/de_de\/product\/queensbett\/","title":{"rendered":"Queensbett"},"content":{"rendered":"<h2>Raumwunder mit hohem Schlaf- und Wohnkomfort<\/h2>\n<p>Unsere Queensbetten kommen zumeist im Bereich \u00fcber der Heckgarage von mittelgro\u00dfen und gro\u00dfen Wohnmobilen zum Einsatz.<\/p>\n<p>Hierbei gibt es eine Vielzahl von hinzu konfigurierbaren Funktionen &#8211; wie zum Beispiel die horizontale Verschiebung des Bettrahmens &#8211; wodurch die im Wohnraum befindlichen Durchgangswege vergr\u00f6\u00dfert werden k\u00f6nnen.<\/p>\n<p>Durch das h\u00f6henverstellbare Kopfteil &#8211; nat\u00fcrlich elektrisch &#8211; lassen sich unsere Queensbetten auch als komfortable Liegecouch verwenden.<\/p>\n<p>Hier erleichtern uns technische Details oder Zeichnungen das Erstellen von Angeboten ungemein.<\/p>\n<p>Ebenso sind zu erwartende Jahresmengen, Losgr\u00f6\u00dfen und die gew\u00fcnschte Art der logistischen Abwicklung f\u00fcr uns wichtige Faktoren f\u00fcr die Kalkulation.<\/p>\n","protected":false},"excerpt":{"rendered":"<p>Raumwunder mit hohem Schlaf- und Wohnkomfort Unsere Queensbetten kommen zumeist im Bereich \u00fcber der Heckgarage von mittelgro\u00dfen und gro\u00dfen Wohnmobilen zum Einsatz. Hierbei gibt es eine Vielzahl von hinzu konfigurierbaren Funktionen &#8211; wie zum Beispiel die horizontale Verschiebung des Bettrahmens &#8211;&#8230;<\/p>\n","protected":false},"featured_media":12074,"comment_status":"open","ping_status":"closed","template":"","meta":[],"product_brand":[],"product_cat":[185,80],"product_tag":[],"class_list":{"0":"post-11707","1":"product","2":"type-product","3":"status-publish","4":"has-post-thumbnail","6":"product_cat-hubbetten-fuer-industrie","7":"product_cat-queensbett","9":"first","10":"instock","11":"taxable","12":"shipping-taxable","13":"product-type-simple"},"_links":{"self":[{"href":"https:\/\/alu-line.de\/de_de\/wp-json\/wp\/v2\/product\/11707","targetHints":{"allow":["GET"]}}],"collection":[{"href":"https:\/\/alu-line.de\/de_de\/wp-json\/wp\/v2\/product"}],"about":[{"href":"https:\/\/alu-line.de\/de_de\/wp-json\/wp\/v2\/types\/product"}],"replies":[{"embeddable":true,"href":"https:\/\/alu-line.de\/de_de\/wp-json\/wp\/v2\/comments?post=11707"}],"wp:featuredmedia":[{"embeddable":true,"href":"https:\/\/alu-line.de\/de_de\/wp-json\/wp\/v2\/media\/12074"}],"wp:attachment":[{"href":"https:\/\/alu-line.de\/de_de\/wp-json\/wp\/v2\/media?parent=11707"}],"wp:term":[{"taxonomy":"product_brand","embeddable":true,"href":"https:\/\/alu-line.de\/de_de\/wp-json\/wp\/v2\/product_brand?post=11707"},{"taxonomy":"product_cat","embeddable":true,"href":"https:\/\/alu-line.de\/de_de\/wp-json\/wp\/v2\/product_cat?post=11707"},{"taxonomy":"product_tag","embeddable":true,"href":"https:\/\/alu-line.de\/de_de\/wp-json\/wp\/v2\/product_tag?post=11707"}],"curies":[{"name":"wp","href":"https:\/\/api.w.org\/{rel}","templated":true}]}}