{"id":11448,"date":"2022-02-14T08:23:41","date_gmt":"2022-02-14T08:23:41","guid":{"rendered":"https:\/\/demo.artureanec.com\/themes\/industrium\/?page_id=3"},"modified":"2023-05-06T14:36:41","modified_gmt":"2023-05-06T12:36:41","slug":"privacy-policy","status":"publish","type":"page","link":"https:\/\/alu-line.de\/de_de\/privacy-policy\/","title":{"rendered":"Privacy Policy"},"content":{"rendered":"\t\t<div data-elementor-type=\"wp-page\" data-elementor-id=\"11448\" class=\"elementor elementor-11448\" data-elementor-post-type=\"page\">\n\t\t\t\t\t\t<section class=\"elementor-section elementor-top-section elementor-element elementor-element-2d06f6d3 elementor-section-boxed elementor-section-height-default elementor-section-height-default\" data-id=\"2d06f6d3\" data-element_type=\"section\" data-e-type=\"section\">\n\t\t\t\t\t\t<div class=\"elementor-container elementor-column-gap-default\">\n\t\t\t\t\t<div class=\"elementor-column elementor-col-100 elementor-top-column elementor-element elementor-element-77103561\" data-id=\"77103561\" data-element_type=\"column\" data-e-type=\"column\">\n\t\t\t<div class=\"elementor-widget-wrap elementor-element-populated\">\n\t\t\t\t\t\t<div class=\"elementor-element elementor-element-6b07be27 elementor-widget elementor-widget-text-editor\" data-id=\"6b07be27\" data-element_type=\"widget\" data-e-type=\"widget\" data-widget_type=\"text-editor.default\">\n\t\t\t\t<div class=\"elementor-widget-container\">\n\t\t\t\t\t\t\t\t\t\n<p><strong>ALU-LINE Metallverarbeitungsgesellschaft mbH<\/strong><\/p>\n<p>Unternehmenssitz: Bad Saulgau<\/p>\n<p>Gesch\u00e4ftsf\u00fchrer:<br \/>Alfons Zimmerer, Florian Zimmerer,  <br \/>Martin-Staud-Stra\u00dfe 25<br \/>88348 Bad Saulgau<br \/>Deutschland<\/p>\n<p>Verantwortlich f\u00fcr den Inhalt nach \u00a75 TMG\/$55 RStV:<br \/>Alfons Zimmerer, Florian Zimmerer,  <br \/>Martin-Staud-Stra\u00dfe 25<br \/>88348 Bad Saulgau<br \/>Deutschland<\/p>\n<p>Telefon: +49(0)7581\/92091-0<br \/>Telefax: +49(0)7581\/92091-20<\/p>\n<p>Email: info(at)alu-line.de<br \/>Internet: http:\/\/www.alu-line.de\/<\/p>\n<p>Registergericht: Amtsgericht Ulm<br \/>Registernummer: HRB 560299<br \/>Umsatzsteuer-Identifikationsnummer gem\u00e4\u00df \u00a7 27a<br \/>Umsatzsteuergesetz: DE 146 608 548<\/p>\n<p>[gzd_complaints]<\/p>\n\t\t\t\t\t\t\t\t<\/div>\n\t\t\t\t<\/div>\n\t\t\t\t\t<\/div>\n\t\t<\/div>\n\t\t\t\t\t<\/div>\n\t\t<\/section>\n\t\t\t\t<\/div>\n\t\t","protected":false},"excerpt":{"rendered":"<p>ALU-LINE Metallverarbeitungsgesellschaft mbH Unternehmenssitz: Bad Saulgau Gesch\u00e4ftsf\u00fchrer:Alfons Zimmerer, Florian Zimmerer, Martin-Staud-Stra\u00dfe 2588348 Bad SaulgauDeutschland Verantwortlich f\u00fcr den Inhalt nach \u00a75 TMG\/$55 RStV:Alfons Zimmerer, Florian Zimmerer, Martin-Staud-Stra\u00dfe 2588348 Bad SaulgauDeutschland Telefon: +49(0)7581\/92091-0Telefax: +49(0)7581\/92091-20 Email: info(at)alu-line.deInternet: http:\/\/www.alu-line.de\/ Registergericht: Amtsgericht UlmRegisternummer: HRB 560299Umsatzsteuer-Identifikationsnummer gem\u00e4\u00df&#8230;<\/p>\n","protected":false},"author":1,"featured_media":0,"parent":0,"menu_order":0,"comment_status":"closed","ping_status":"closed","template":"","meta":{"footnotes":""},"class_list":["post-11448","page","type-page","status-publish","hentry"],"_links":{"self":[{"href":"https:\/\/alu-line.de\/de_de\/wp-json\/wp\/v2\/pages\/11448","targetHints":{"allow":["GET"]}}],"collection":[{"href":"https:\/\/alu-line.de\/de_de\/wp-json\/wp\/v2\/pages"}],"about":[{"href":"https:\/\/alu-line.de\/de_de\/wp-json\/wp\/v2\/types\/page"}],"author":[{"embeddable":true,"href":"https:\/\/alu-line.de\/de_de\/wp-json\/wp\/v2\/users\/1"}],"replies":[{"embeddable":true,"href":"https:\/\/alu-line.de\/de_de\/wp-json\/wp\/v2\/comments?post=11448"}],"version-history":[{"count":3,"href":"https:\/\/alu-line.de\/de_de\/wp-json\/wp\/v2\/pages\/11448\/revisions"}],"predecessor-version":[{"id":13891,"href":"https:\/\/alu-line.de\/de_de\/wp-json\/wp\/v2\/pages\/11448\/revisions\/13891"}],"wp:attachment":[{"href":"https:\/\/alu-line.de\/de_de\/wp-json\/wp\/v2\/media?parent=11448"}],"curies":[{"name":"wp","href":"https:\/\/api.w.org\/{rel}","templated":true}]}}